{"id":5803,"date":"2015-04-22T00:02:20","date_gmt":"2015-04-21T22:02:20","guid":{"rendered":"https:\/\/matehamori.com\/calssical-music-blog\/"},"modified":"2023-08-25T13:31:07","modified_gmt":"2023-08-25T11:31:07","slug":"calssical-music-blog","status":"publish","type":"page","link":"https:\/\/matehamori.com\/en\/calssical-music-blog\/","title":{"rendered":"Calssical music blog"},"content":{"rendered":"<div  class=\" vc_row wpb_row vc_row-fluid vc_custom_1661374217072 full_width \"><div class=\"wpb_column vc_column_container vc_col-sm-12\"><div class=\"vc_column-inner\"><div class=\"wpb_wrapper\"><div class=\"vc_empty_space  vc_custom_1661893649652\"   style=\"height: 10px\"><span class=\"vc_empty_space_inner\"><\/span><\/div><\/div><\/div><\/div><\/div><div  class=\" vc_row wpb_row vc_row-fluid in_container \"><div class=\"wpb_column vc_column_container vc_col-sm-12\"><div class=\"vc_column-inner\"><div class=\"wpb_wrapper\"><div class=\"vc_separator wpb_content_element vc_separator_align_center vc_sep_width_100 vc_sep_pos_align_center vc_separator_no_text vc_sep_color_grey\" ><span class=\"vc_sep_holder vc_sep_holder_l\"><span  class=\"vc_sep_line\"><\/span><\/span><span class=\"vc_sep_holder vc_sep_holder_r\"><span  class=\"vc_sep_line\"><\/span><\/span>\n<\/div><div class=\"vc_empty_space\"   style=\"height: 32px\"><span class=\"vc_empty_space_inner\"><\/span><\/div><h2 style=\"font-size: 26px;text-align: center;font-family:Playfair Display;font-weight:500;font-style:normal\" class=\"vc_custom_heading \">News, articles, thoughts<\/h2><div class=\"vc_empty_space\"   style=\"height: 32px\"><span class=\"vc_empty_space_inner\"><\/span><\/div><\/div><\/div><\/div><\/div><div  class=\" vc_row wpb_row vc_row-fluid in_container \"><div class=\"wpb_column vc_column_container vc_col-sm-12\"><div class=\"vc_column-inner\"><div class=\"wpb_wrapper\"><div class=\"widget  iron_widget_posts \">\t\t\t\t<div class=\"recent-posts post_grid\">\r\n<div class=\"news-grid-wrap\">\r\n\r\n\t<a href=\"https:\/\/matehamori.com\/en\/mozart-and-time-management\/\" class=\"\">\r\n\t\t\t\t\t<img loading=\"lazy\" decoding=\"async\" width=\"559\" height=\"361\" src=\"https:\/\/matehamori.com\/wp-content\/uploads\/2023\/08\/mozart-karl-friedrich-schinkel-magic-flute-559x361.jpg\" class=\"attachment-medium size-medium wp-post-image\" alt=\"\" srcset=\"https:\/\/matehamori.com\/wp-content\/uploads\/2023\/08\/mozart-karl-friedrich-schinkel-magic-flute-559x361.jpg 559w, https:\/\/matehamori.com\/wp-content\/uploads\/2023\/08\/mozart-karl-friedrich-schinkel-magic-flute-768x496.jpg 768w, https:\/\/matehamori.com\/wp-content\/uploads\/2023\/08\/mozart-karl-friedrich-schinkel-magic-flute-18x12.jpg 18w, https:\/\/matehamori.com\/wp-content\/uploads\/2023\/08\/mozart-karl-friedrich-schinkel-magic-flute.jpg 900w\" sizes=\"auto, (max-width: 559px) 100vw, 559px\" \/>\t\t\t\t<div class=\"news-grid-tab\">\r\n\t\t\t<div class=\"tab-text\">\r\n\t\t\t<div class=\"meta-simple\">\r\n\t\t\t\t\t\t\t\t\t<time class=\"datetime\" datetime=\"2023-08-01T08:39:36+02:00\">2023.08.01.<\/time>\r\n\t\t\t\t\t\t\t\t\t\t\t\t<div class=\"post-tags\"><i class=\"fa fa-tag\"><\/i> conductor, Mozart, time management<\/div> \t\t\t\t<\/div>\r\n\t\t\t\t<h2 class=\"tab-title\">Mozart and time management<\/h2>\r\n\t\t\t\t\t\t\t\t<div class=\"stickypost\">\r\n\t\t\t\t\t<i class=\"fa fa-star\"><\/i>\r\n\t\t\t\t<\/div>\r\n\t\t\t<\/div>\r\n\t\t<\/div>\r\n\t<\/a>\r\n\t<div class=\"clear\"><\/div>\r\n<\/div><div class=\"news-grid-wrap\">\r\n\r\n\t<a href=\"https:\/\/matehamori.com\/en\/chekhov-rifle-muses\/\" class=\"\">\r\n\t\t\t\t\t<img loading=\"lazy\" decoding=\"async\" width=\"559\" height=\"377\" src=\"https:\/\/matehamori.com\/wp-content\/uploads\/2023\/05\/csehov-559x377.jpg\" class=\"attachment-medium size-medium wp-post-image\" alt=\"\" srcset=\"https:\/\/matehamori.com\/wp-content\/uploads\/2023\/05\/csehov-559x377.jpg 559w, https:\/\/matehamori.com\/wp-content\/uploads\/2023\/05\/csehov-1024x690.jpg 1024w, https:\/\/matehamori.com\/wp-content\/uploads\/2023\/05\/csehov-768x518.jpg 768w, https:\/\/matehamori.com\/wp-content\/uploads\/2023\/05\/csehov-1536x1035.jpg 1536w, https:\/\/matehamori.com\/wp-content\/uploads\/2023\/05\/csehov-18x12.jpg 18w, https:\/\/matehamori.com\/wp-content\/uploads\/2023\/05\/csehov-1200x809.jpg 1200w, https:\/\/matehamori.com\/wp-content\/uploads\/2023\/05\/csehov.jpg 1800w\" sizes=\"auto, (max-width: 559px) 100vw, 559px\" \/>\t\t\t\t<div class=\"news-grid-tab\">\r\n\t\t\t<div class=\"tab-text\">\r\n\t\t\t<div class=\"meta-simple\">\r\n\t\t\t\t\t\t\t\t\t<time class=\"datetime\" datetime=\"2023-07-02T11:00:10+02:00\">2023.07.02.<\/time>\r\n\t\t\t\t\t\t\t\t\t\t\t\t<div class=\"post-tags\"><i class=\"fa fa-tag\"><\/i> Anton Pavlovich Chekhov, chekhov, conductor<\/div> \t\t\t\t<\/div>\r\n\t\t\t\t<h2 class=\"tab-title\">Chekhov, rifle, muses<\/h2>\r\n\t\t\t\t\t\t\t\t<div class=\"stickypost\">\r\n\t\t\t\t\t<i class=\"fa fa-star\"><\/i>\r\n\t\t\t\t<\/div>\r\n\t\t\t<\/div>\r\n\t\t<\/div>\r\n\t<\/a>\r\n\t<div class=\"clear\"><\/div>\r\n<\/div><div class=\"news-grid-wrap\">\r\n\r\n\t<a href=\"https:\/\/matehamori.com\/en\/what-is-a-rehearsal\/\" class=\"\">\r\n\t\t\t\t\t<img loading=\"lazy\" decoding=\"async\" width=\"559\" height=\"314\" src=\"https:\/\/matehamori.com\/wp-content\/uploads\/2023\/05\/danubia-zenekar-probaterem-proba-2302-559x314.jpg\" class=\"attachment-medium size-medium wp-post-image\" alt=\"\" srcset=\"https:\/\/matehamori.com\/wp-content\/uploads\/2023\/05\/danubia-zenekar-probaterem-proba-2302-559x314.jpg 559w, https:\/\/matehamori.com\/wp-content\/uploads\/2023\/05\/danubia-zenekar-probaterem-proba-2302-1024x576.jpg 1024w, https:\/\/matehamori.com\/wp-content\/uploads\/2023\/05\/danubia-zenekar-probaterem-proba-2302-768x432.jpg 768w, https:\/\/matehamori.com\/wp-content\/uploads\/2023\/05\/danubia-zenekar-probaterem-proba-2302-1536x864.jpg 1536w, https:\/\/matehamori.com\/wp-content\/uploads\/2023\/05\/danubia-zenekar-probaterem-proba-2302-18x10.jpg 18w, https:\/\/matehamori.com\/wp-content\/uploads\/2023\/05\/danubia-zenekar-probaterem-proba-2302-1200x675.jpg 1200w, https:\/\/matehamori.com\/wp-content\/uploads\/2023\/05\/danubia-zenekar-probaterem-proba-2302.jpg 2048w\" sizes=\"auto, (max-width: 559px) 100vw, 559px\" \/>\t\t\t\t<div class=\"news-grid-tab\">\r\n\t\t\t<div class=\"tab-text\">\r\n\t\t\t<div class=\"meta-simple\">\r\n\t\t\t\t\t\t\t\t\t<time class=\"datetime\" datetime=\"2023-05-26T09:00:38+02:00\">2023.05.26.<\/time>\r\n\t\t\t\t\t\t\t\t\t\t\t\t<div class=\"post-tags\"><i class=\"fa fa-tag\"><\/i> concert, conductor, orchestra rehersal<\/div> \t\t\t\t<\/div>\r\n\t\t\t\t<h2 class=\"tab-title\">What is a rehearsal?<\/h2>\r\n\t\t\t\t\t\t\t\t<div class=\"stickypost\">\r\n\t\t\t\t\t<i class=\"fa fa-star\"><\/i>\r\n\t\t\t\t<\/div>\r\n\t\t\t<\/div>\r\n\t\t<\/div>\r\n\t<\/a>\r\n\t<div class=\"clear\"><\/div>\r\n<\/div><div class=\"news-grid-wrap\">\r\n\r\n\t<a href=\"https:\/\/matehamori.com\/en\/lets-share\/\" class=\"\">\r\n\t\t\t\t\t<img loading=\"lazy\" decoding=\"async\" width=\"559\" height=\"315\" src=\"https:\/\/matehamori.com\/wp-content\/uploads\/2023\/05\/osztozkodjunk-hamori-mate-blog-04-559x315.jpg\" class=\"attachment-medium size-medium wp-post-image\" alt=\"\" srcset=\"https:\/\/matehamori.com\/wp-content\/uploads\/2023\/05\/osztozkodjunk-hamori-mate-blog-04-559x315.jpg 559w, https:\/\/matehamori.com\/wp-content\/uploads\/2023\/05\/osztozkodjunk-hamori-mate-blog-04-1024x578.jpg 1024w, https:\/\/matehamori.com\/wp-content\/uploads\/2023\/05\/osztozkodjunk-hamori-mate-blog-04-768x433.jpg 768w, https:\/\/matehamori.com\/wp-content\/uploads\/2023\/05\/osztozkodjunk-hamori-mate-blog-04-18x10.jpg 18w, https:\/\/matehamori.com\/wp-content\/uploads\/2023\/05\/osztozkodjunk-hamori-mate-blog-04-1200x677.jpg 1200w, https:\/\/matehamori.com\/wp-content\/uploads\/2023\/05\/osztozkodjunk-hamori-mate-blog-04.jpg 1400w\" sizes=\"auto, (max-width: 559px) 100vw, 559px\" \/>\t\t\t\t<div class=\"news-grid-tab\">\r\n\t\t\t<div class=\"tab-text\">\r\n\t\t\t<div class=\"meta-simple\">\r\n\t\t\t\t\t\t\t\t\t<time class=\"datetime\" datetime=\"2023-05-06T13:36:24+02:00\">2023.05.06.<\/time>\r\n\t\t\t\t\t\t\t\t\t\t\t\t<div class=\"post-tags\"><i class=\"fa fa-tag\"><\/i> concert, culture, sharing<\/div> \t\t\t\t<\/div>\r\n\t\t\t\t<h2 class=\"tab-title\">Let\u2019s share!<\/h2>\r\n\t\t\t\t\t\t\t\t<div class=\"stickypost\">\r\n\t\t\t\t\t<i class=\"fa fa-star\"><\/i>\r\n\t\t\t\t<\/div>\r\n\t\t\t<\/div>\r\n\t\t<\/div>\r\n\t<\/a>\r\n\t<div class=\"clear\"><\/div>\r\n<\/div><div class=\"news-grid-wrap\">\r\n\r\n\t<a href=\"https:\/\/matehamori.com\/en\/everyday-miracle\/\" class=\"\">\r\n\t\t\t\t\t<img loading=\"lazy\" decoding=\"async\" width=\"559\" height=\"336\" src=\"https:\/\/matehamori.com\/wp-content\/uploads\/2022\/08\/csoda-hetkoznap-giotto-di-bondone-lamentation-559x336.jpg\" class=\"attachment-medium size-medium wp-post-image\" alt=\"\" srcset=\"https:\/\/matehamori.com\/wp-content\/uploads\/2022\/08\/csoda-hetkoznap-giotto-di-bondone-lamentation-559x336.jpg 559w, https:\/\/matehamori.com\/wp-content\/uploads\/2022\/08\/csoda-hetkoznap-giotto-di-bondone-lamentation-768x462.jpg 768w, https:\/\/matehamori.com\/wp-content\/uploads\/2022\/08\/csoda-hetkoznap-giotto-di-bondone-lamentation.jpg 993w\" sizes=\"auto, (max-width: 559px) 100vw, 559px\" \/>\t\t\t\t<div class=\"news-grid-tab\">\r\n\t\t\t<div class=\"tab-text\">\r\n\t\t\t<div class=\"meta-simple\">\r\n\t\t\t\t\t\t\t\t\t<time class=\"datetime\" datetime=\"2023-04-06T08:04:43+02:00\">2023.04.06.<\/time>\r\n\t\t\t\t\t\t\t\t\t\t\t\t<div class=\"post-tags\"><i class=\"fa fa-tag\"><\/i> classical music, composing music, Easter, P\u00e9ter Zombola, Passion<\/div> \t\t\t\t<\/div>\r\n\t\t\t\t<h2 class=\"tab-title\">Everyday miracle<\/h2>\r\n\t\t\t\t\t\t\t\t<div class=\"stickypost\">\r\n\t\t\t\t\t<i class=\"fa fa-star\"><\/i>\r\n\t\t\t\t<\/div>\r\n\t\t\t<\/div>\r\n\t\t<\/div>\r\n\t<\/a>\r\n\t<div class=\"clear\"><\/div>\r\n<\/div><div class=\"news-grid-wrap\">\r\n\r\n\t<a href=\"https:\/\/matehamori.com\/en\/kalos-beauty-in-the-world\/\" class=\"\">\r\n\t\t\t\t\t<img loading=\"lazy\" decoding=\"async\" width=\"559\" height=\"314\" src=\"https:\/\/matehamori.com\/wp-content\/uploads\/2022\/11\/kalos-2-559x314.jpg\" class=\"attachment-medium size-medium wp-post-image\" alt=\"\" srcset=\"https:\/\/matehamori.com\/wp-content\/uploads\/2022\/11\/kalos-2-559x314.jpg 559w, https:\/\/matehamori.com\/wp-content\/uploads\/2022\/11\/kalos-2-1024x576.jpg 1024w, https:\/\/matehamori.com\/wp-content\/uploads\/2022\/11\/kalos-2-768x432.jpg 768w, https:\/\/matehamori.com\/wp-content\/uploads\/2022\/11\/kalos-2-18x10.jpg 18w, https:\/\/matehamori.com\/wp-content\/uploads\/2022\/11\/kalos-2-1200x675.jpg 1200w, https:\/\/matehamori.com\/wp-content\/uploads\/2022\/11\/kalos-2.jpg 1280w\" sizes=\"auto, (max-width: 559px) 100vw, 559px\" \/>\t\t\t\t<div class=\"news-grid-tab\">\r\n\t\t\t<div class=\"tab-text\">\r\n\t\t\t<div class=\"meta-simple\">\r\n\t\t\t\t\t\t\t\t\t<time class=\"datetime\" datetime=\"2023-03-11T15:08:47+01:00\">2023.03.11.<\/time>\r\n\t\t\t\t\t\t\t\t\t\t\t\t<div class=\"post-tags\"><i class=\"fa fa-tag\"><\/i> beauty, classical music<\/div> \t\t\t\t<\/div>\r\n\t\t\t\t<h2 class=\"tab-title\">Kalos &#8211; Beauty in the world<\/h2>\r\n\t\t\t\t\t\t\t\t<div class=\"stickypost\">\r\n\t\t\t\t\t<i class=\"fa fa-star\"><\/i>\r\n\t\t\t\t<\/div>\r\n\t\t\t<\/div>\r\n\t\t<\/div>\r\n\t<\/a>\r\n\t<div class=\"clear\"><\/div>\r\n<\/div><div class=\"news-grid-wrap\">\r\n\r\n\t<a href=\"https:\/\/matehamori.com\/en\/ode\/\" class=\"\">\r\n\t\t\t\t\t<img loading=\"lazy\" decoding=\"async\" width=\"559\" height=\"314\" src=\"https:\/\/matehamori.com\/wp-content\/uploads\/2022\/11\/oda-2-559x314.jpg\" class=\"attachment-medium size-medium wp-post-image\" alt=\"\" srcset=\"https:\/\/matehamori.com\/wp-content\/uploads\/2022\/11\/oda-2-559x314.jpg 559w, https:\/\/matehamori.com\/wp-content\/uploads\/2022\/11\/oda-2-1024x576.jpg 1024w, https:\/\/matehamori.com\/wp-content\/uploads\/2022\/11\/oda-2-768x432.jpg 768w, https:\/\/matehamori.com\/wp-content\/uploads\/2022\/11\/oda-2-18x10.jpg 18w, https:\/\/matehamori.com\/wp-content\/uploads\/2022\/11\/oda-2-1200x675.jpg 1200w, https:\/\/matehamori.com\/wp-content\/uploads\/2022\/11\/oda-2.jpg 1280w\" sizes=\"auto, (max-width: 559px) 100vw, 559px\" \/>\t\t\t\t<div class=\"news-grid-tab\">\r\n\t\t\t<div class=\"tab-text\">\r\n\t\t\t<div class=\"meta-simple\">\r\n\t\t\t\t\t\t\t\t\t<time class=\"datetime\" datetime=\"2023-02-13T08:27:00+01:00\">2023.02.13.<\/time>\r\n\t\t\t\t\t\t\t\t\t\t\t\t<div class=\"post-tags\"><i class=\"fa fa-tag\"><\/i> art, catharsis, classical music<\/div> \t\t\t\t<\/div>\r\n\t\t\t\t<h2 class=\"tab-title\">Ode<\/h2>\r\n\t\t\t\t\t\t\t\t<div class=\"stickypost\">\r\n\t\t\t\t\t<i class=\"fa fa-star\"><\/i>\r\n\t\t\t\t<\/div>\r\n\t\t\t<\/div>\r\n\t\t<\/div>\r\n\t<\/a>\r\n\t<div class=\"clear\"><\/div>\r\n<\/div><div class=\"news-grid-wrap\">\r\n\r\n\t<a href=\"https:\/\/matehamori.com\/en\/thanksgiving-at-the-start-of-the-year\/\" class=\"\">\r\n\t\t\t\t\t<img loading=\"lazy\" decoding=\"async\" width=\"559\" height=\"314\" src=\"https:\/\/matehamori.com\/wp-content\/uploads\/2022\/11\/halaadas-evkezdetkor-caravaggio-pihenes-559x314.jpg\" class=\"attachment-medium size-medium wp-post-image\" alt=\"\" srcset=\"https:\/\/matehamori.com\/wp-content\/uploads\/2022\/11\/halaadas-evkezdetkor-caravaggio-pihenes-559x314.jpg 559w, https:\/\/matehamori.com\/wp-content\/uploads\/2022\/11\/halaadas-evkezdetkor-caravaggio-pihenes-1024x576.jpg 1024w, https:\/\/matehamori.com\/wp-content\/uploads\/2022\/11\/halaadas-evkezdetkor-caravaggio-pihenes-768x432.jpg 768w, https:\/\/matehamori.com\/wp-content\/uploads\/2022\/11\/halaadas-evkezdetkor-caravaggio-pihenes-18x10.jpg 18w, https:\/\/matehamori.com\/wp-content\/uploads\/2022\/11\/halaadas-evkezdetkor-caravaggio-pihenes-1200x675.jpg 1200w, https:\/\/matehamori.com\/wp-content\/uploads\/2022\/11\/halaadas-evkezdetkor-caravaggio-pihenes.jpg 1280w\" sizes=\"auto, (max-width: 559px) 100vw, 559px\" \/>\t\t\t\t<div class=\"news-grid-tab\">\r\n\t\t\t<div class=\"tab-text\">\r\n\t\t\t<div class=\"meta-simple\">\r\n\t\t\t\t\t\t\t\t\t<time class=\"datetime\" datetime=\"2023-01-02T14:43:23+01:00\">2023.01.02.<\/time>\r\n\t\t\t\t\t\t\t\t\t\t\t\t<div class=\"post-tags\"><i class=\"fa fa-tag\"><\/i> 2023, beginning of the year, classical music, start of the year, Thanksgiving<\/div> \t\t\t\t<\/div>\r\n\t\t\t\t<h2 class=\"tab-title\">Thanksgiving at the start of the year<\/h2>\r\n\t\t\t\t\t\t\t\t<div class=\"stickypost\">\r\n\t\t\t\t\t<i class=\"fa fa-star\"><\/i>\r\n\t\t\t\t<\/div>\r\n\t\t\t<\/div>\r\n\t\t<\/div>\r\n\t<\/a>\r\n\t<div class=\"clear\"><\/div>\r\n<\/div><div class=\"news-grid-wrap\">\r\n\r\n\t<a href=\"https:\/\/matehamori.com\/en\/me-mo-ry-preparing-the-conductor-3-part\/\" class=\"\">\r\n\t\t\t\t\t<img loading=\"lazy\" decoding=\"async\" width=\"559\" height=\"314\" src=\"https:\/\/matehamori.com\/wp-content\/uploads\/2022\/09\/me-mo-ri-a-felkeszul-a-karmester-559x314.jpg\" class=\"attachment-medium size-medium wp-post-image\" alt=\"\" srcset=\"https:\/\/matehamori.com\/wp-content\/uploads\/2022\/09\/me-mo-ri-a-felkeszul-a-karmester-559x314.jpg 559w, https:\/\/matehamori.com\/wp-content\/uploads\/2022\/09\/me-mo-ri-a-felkeszul-a-karmester-1024x576.jpg 1024w, https:\/\/matehamori.com\/wp-content\/uploads\/2022\/09\/me-mo-ri-a-felkeszul-a-karmester-768x432.jpg 768w, https:\/\/matehamori.com\/wp-content\/uploads\/2022\/09\/me-mo-ri-a-felkeszul-a-karmester-18x10.jpg 18w, https:\/\/matehamori.com\/wp-content\/uploads\/2022\/09\/me-mo-ri-a-felkeszul-a-karmester-1200x675.jpg 1200w, https:\/\/matehamori.com\/wp-content\/uploads\/2022\/09\/me-mo-ri-a-felkeszul-a-karmester.jpg 1280w\" sizes=\"auto, (max-width: 559px) 100vw, 559px\" \/>\t\t\t\t<div class=\"news-grid-tab\">\r\n\t\t\t<div class=\"tab-text\">\r\n\t\t\t<div class=\"meta-simple\">\r\n\t\t\t\t\t\t\t\t\t<time class=\"datetime\" datetime=\"2022-12-02T16:04:36+01:00\">2022.12.02.<\/time>\r\n\t\t\t\t\t\t\t\t\t\t\t\t<div class=\"post-tags\"><i class=\"fa fa-tag\"><\/i> classical music, conductor, M\u00e1t\u00e9 H\u00e1mori, memory<\/div> \t\t\t\t<\/div>\r\n\t\t\t\t<h2 class=\"tab-title\">Me-Mo-Ry! &#8211; Preparing: The conductor! 3. part<\/h2>\r\n\t\t\t\t\t\t\t\t<div class=\"stickypost\">\r\n\t\t\t\t\t<i class=\"fa fa-star\"><\/i>\r\n\t\t\t\t<\/div>\r\n\t\t\t<\/div>\r\n\t\t<\/div>\r\n\t<\/a>\r\n\t<div class=\"clear\"><\/div>\r\n<\/div><div class=\"news-grid-wrap\">\r\n\r\n\t<a href=\"https:\/\/matehamori.com\/en\/preparing-the-conductor-part-2\/\" class=\"\">\r\n\t\t\t\t\t<img loading=\"lazy\" decoding=\"async\" width=\"559\" height=\"314\" src=\"https:\/\/matehamori.com\/wp-content\/uploads\/2022\/09\/mozart-felkeszul-a-karmester-559x314.jpg\" class=\"attachment-medium size-medium wp-post-image\" alt=\"\" srcset=\"https:\/\/matehamori.com\/wp-content\/uploads\/2022\/09\/mozart-felkeszul-a-karmester-559x314.jpg 559w, https:\/\/matehamori.com\/wp-content\/uploads\/2022\/09\/mozart-felkeszul-a-karmester-1024x576.jpg 1024w, https:\/\/matehamori.com\/wp-content\/uploads\/2022\/09\/mozart-felkeszul-a-karmester-768x432.jpg 768w, https:\/\/matehamori.com\/wp-content\/uploads\/2022\/09\/mozart-felkeszul-a-karmester-18x10.jpg 18w, https:\/\/matehamori.com\/wp-content\/uploads\/2022\/09\/mozart-felkeszul-a-karmester-1200x675.jpg 1200w, https:\/\/matehamori.com\/wp-content\/uploads\/2022\/09\/mozart-felkeszul-a-karmester.jpg 1280w\" sizes=\"auto, (max-width: 559px) 100vw, 559px\" \/>\t\t\t\t<div class=\"news-grid-tab\">\r\n\t\t\t<div class=\"tab-text\">\r\n\t\t\t<div class=\"meta-simple\">\r\n\t\t\t\t\t\t\t\t\t<time class=\"datetime\" datetime=\"2022-11-09T08:36:01+01:00\">2022.11.09.<\/time>\r\n\t\t\t\t\t\t\t\t\t\t\t\t<div class=\"post-tags\"><i class=\"fa fa-tag\"><\/i> classical music, conductor, M\u00e1t\u00e9 H\u00e1mori, Mozart<\/div> \t\t\t\t<\/div>\r\n\t\t\t\t<h2 class=\"tab-title\">Preparing: the conductor! (Part 2)<\/h2>\r\n\t\t\t\t\t\t\t\t<div class=\"stickypost\">\r\n\t\t\t\t\t<i class=\"fa fa-star\"><\/i>\r\n\t\t\t\t<\/div>\r\n\t\t\t<\/div>\r\n\t\t<\/div>\r\n\t<\/a>\r\n\t<div class=\"clear\"><\/div>\r\n<\/div>\t\t\t\t\t\t\t\t<\/div>\r\n\r\n<\/div><\/div><\/div><\/div><\/div>\n","protected":false},"excerpt":{"rendered":"We took our next fresh, crisp score at the end of the previous part and played it through on the piano thoroughly, just to get to know it. The instrument is important to me for two reasons: firstly, it helps to clarify passages difficult to hear at first reading, and secondly, the medium of music is physical vibration after all \u2013 and often what is not immediately \u201cvisible\u201d on paper gets immediately brought out by the sound, for example the [...]","protected":false},"author":223666399,"featured_media":0,"parent":0,"menu_order":2,"comment_status":"closed","ping_status":"closed","template":"","meta":{"_crdt_document":"","footnotes":""},"class_list":["post-5803","page","type-page","status-publish","hentry"],"jetpack_sharing_enabled":true,"_links":{"self":[{"href":"https:\/\/matehamori.com\/en\/wp-json\/wp\/v2\/pages\/5803","targetHints":{"allow":["GET"]}}],"collection":[{"href":"https:\/\/matehamori.com\/en\/wp-json\/wp\/v2\/pages"}],"about":[{"href":"https:\/\/matehamori.com\/en\/wp-json\/wp\/v2\/types\/page"}],"author":[{"embeddable":true,"href":"https:\/\/matehamori.com\/en\/wp-json\/wp\/v2\/users\/223666399"}],"replies":[{"embeddable":true,"href":"https:\/\/matehamori.com\/en\/wp-json\/wp\/v2\/comments?post=5803"}],"version-history":[{"count":5,"href":"https:\/\/matehamori.com\/en\/wp-json\/wp\/v2\/pages\/5803\/revisions"}],"predecessor-version":[{"id":5809,"href":"https:\/\/matehamori.com\/en\/wp-json\/wp\/v2\/pages\/5803\/revisions\/5809"}],"wp:attachment":[{"href":"https:\/\/matehamori.com\/en\/wp-json\/wp\/v2\/media?parent=5803"}],"curies":[{"name":"wp","href":"https:\/\/api.w.org\/{rel}","templated":true}]}}